{"id":2534,"date":"2016-05-21T20:21:35","date_gmt":"2016-05-21T19:21:35","guid":{"rendered":"http:\/\/archersdelamee.org\/wordpress\/?page_id=2534"},"modified":"2025-07-15T12:07:09","modified_gmt":"2025-07-15T10:07:09","slug":"nous-contacter","status":"publish","type":"page","link":"https:\/\/archersdelamee.org\/wordpress\/index.php\/nous-contacter\/","title":{"rendered":"Nous contacter"},"content":{"rendered":"<table class=\" aligncenter\" style=\"width: 610px; height: 516px;\" border=\"0\" cellspacing=\"0\" cellpadding=\"0\">\n<tbody>\n<tr>\n<td style=\"width: 85px; text-align: center; vertical-align: middle;\"><a href=\"https:\/\/archersdelamee.org\/wordpress\/wp-content\/uploads\/2015\/10\/Philippe-Communal.jpg\"><img loading=\"lazy\" decoding=\"async\" class=\"wp-image-24 aligncenter\" src=\"https:\/\/archersdelamee.org\/wordpress\/wp-content\/uploads\/2015\/10\/Philippe-Communal.jpg\" alt=\"Philippe Communal\" width=\"85\" height=\"85\"><\/a><\/td>\n<td style=\"width: 220px; text-align: left; vertical-align: middle;\"><strong>Pr\u00e9sident, Arbitre<\/strong><br \/>\n<a title=\"Philippe Communal\" href=\"https:\/\/archersdelamee.org\/wordpress\/index.php\/nous-contacter\/philippe-communal\/ \">Philippe Communal<\/a><\/td>\n<td style=\"width: 85px; text-align: center; vertical-align: middle;\">&nbsp;<\/td>\n<td style=\"width: 220px; text-align: left; vertical-align: middle;\"><strong>Vis Pr\u00e9sident, Entraineur<\/strong><\/td>\n<\/tr>\n<tr>\n<td style=\"width: 85px; text-align: center; vertical-align: middle;\">&nbsp;<\/td>\n<td style=\"width: 220px; text-align: left; vertical-align: middle;\"><strong>Tr\u00e9sorier, Webmaster, Animateur, Parcours 3D<\/strong><br \/>\n<a title=\"S\u00e9bastien Crusson\" href=\" https:\/\/archersdelamee.org\/wordpress\/index.php\/sebastien-crusson\/\">S\u00e9bastien Crusson<\/a><\/td>\n<td style=\"width: 85px; text-align: center; vertical-align: middle;\">&nbsp;<\/td>\n<td style=\"width: 220px; text-align: left; vertical-align: middle;\"><strong>Tr\u00e9sori\u00e8re Adjointe<\/strong><br \/>\n<a title=\"Antony Price\" href=\" https:\/\/archersdelamee.org\/wordpress\/index.php\/antony-price\/\">Any<\/a><\/td>\n<\/tr>\n<tr>\n<td style=\"width: 85px; text-align: center; vertical-align: middle;\"><a href=\"https:\/\/archersdelamee.org\/wordpress\/wp-content\/uploads\/2016\/05\/Florian-Communal.jpg\"><img loading=\"lazy\" decoding=\"async\" class=\"alignnone wp-image-2612 size-medium\" src=\"https:\/\/archersdelamee.org\/wordpress\/wp-content\/uploads\/2016\/05\/Florian-Communal-250x300.jpg\" width=\"250\" height=\"300\" srcset=\"https:\/\/archersdelamee.org\/wordpress\/wp-content\/uploads\/2016\/05\/Florian-Communal-250x300.jpg 250w, https:\/\/archersdelamee.org\/wordpress\/wp-content\/uploads\/2016\/05\/Florian-Communal-300x360.jpg 300w, https:\/\/archersdelamee.org\/wordpress\/wp-content\/uploads\/2016\/05\/Florian-Communal-20x24.jpg 20w, https:\/\/archersdelamee.org\/wordpress\/wp-content\/uploads\/2016\/05\/Florian-Communal-30x36.jpg 30w, https:\/\/archersdelamee.org\/wordpress\/wp-content\/uploads\/2016\/05\/Florian-Communal-40x48.jpg 40w, https:\/\/archersdelamee.org\/wordpress\/wp-content\/uploads\/2016\/05\/Florian-Communal.jpg 657w\" sizes=\"auto, (max-width: 250px) 100vw, 250px\" \/><\/a><\/td>\n<td style=\"width: 220px; text-align: left; vertical-align: middle;\"><strong>Secr\u00e9taire, Entraineur<\/strong><br \/>\n<a title=\"Florian Communal\" href=\" https:\/\/archersdelamee.org\/wordpress\/index.php\/florian-communal\/\">Florian Communal<\/a><\/td>\n<td style=\"width: 85px; text-align: center; vertical-align: middle;\"><img loading=\"lazy\" decoding=\"async\" class=\"wp-image-19 alignnone\" src=\"https:\/\/archersdelamee.org\/wordpress\/wp-content\/uploads\/2015\/10\/Jean-Trouillaud.jpg\" alt=\"Jean Trouillaud\" width=\"97\" height=\"99\"><\/td>\n<td style=\"width: 220px; text-align: left; vertical-align: middle;\"><strong>Entraineur<\/strong><br \/>\n<a title=\"Jean Trouillaud\" href=\" https:\/\/archersdelamee.org\/wordpress\/index.php\/jean-trouillaud\/\">Jean Trouillaud<\/a><\/td>\n<\/tr>\n<tr>\n<td style=\"width: 85px; text-align: left; vertical-align: middle;\"><a href=\"https:\/\/archersdelamee.org\/wordpress\/wp-content\/uploads\/2016\/05\/Didier-Roulin.jpg\"><img loading=\"lazy\" decoding=\"async\" class=\"alignnone size-medium wp-image-2595\" src=\"https:\/\/archersdelamee.org\/wordpress\/wp-content\/uploads\/2016\/05\/Didier-Roulin-300x294.jpg\" alt=\"Didier Roulin\" width=\"300\" height=\"294\" srcset=\"https:\/\/archersdelamee.org\/wordpress\/wp-content\/uploads\/2016\/05\/Didier-Roulin-300x294.jpg 300w, https:\/\/archersdelamee.org\/wordpress\/wp-content\/uploads\/2016\/05\/Didier-Roulin-768x752.jpg 768w, https:\/\/archersdelamee.org\/wordpress\/wp-content\/uploads\/2016\/05\/Didier-Roulin-1024x1002.jpg 1024w, https:\/\/archersdelamee.org\/wordpress\/wp-content\/uploads\/2016\/05\/Didier-Roulin-24x24.jpg 24w, https:\/\/archersdelamee.org\/wordpress\/wp-content\/uploads\/2016\/05\/Didier-Roulin-36x36.jpg 36w, https:\/\/archersdelamee.org\/wordpress\/wp-content\/uploads\/2016\/05\/Didier-Roulin-48x48.jpg 48w\" sizes=\"auto, (max-width: 300px) 100vw, 300px\" \/><\/a><\/td>\n<td style=\"width: 220px; text-align: left; vertical-align: middle;\"><strong>Entraineur<\/strong><br \/>\n<a title=\"Didier Roulin\" href=\" https:\/\/archersdelamee.org\/wordpress\/index.php\/nous-contacter\/didier-roulin\/\">Didier Roulin<\/a><\/td>\n<td style=\"width: 85px; text-align: center; vertical-align: middle;\">&nbsp;<\/td>\n<td style=\"width: 220px; text-align: left; vertical-align: middle;\"><strong>Intendance<\/strong><br \/>\n<a title=\"Marie-Anne Communal\" href=\" https:\/\/archersdelamee.org\/wordpress\/index.php\/nous-contacter\/marie-anne-communal\/\">Marie-Anne Communal<\/a><\/td>\n<\/tr>\n<\/tbody>\n<\/table>\n","protected":false},"excerpt":{"rendered":"<p>Pr\u00e9sident, Arbitre Philippe Communal &nbsp; Vis Pr\u00e9sident, Entraineur &nbsp; Tr\u00e9sorier, Webmaster, Animateur, Parcours 3D S\u00e9bastien Crusson &nbsp; Tr\u00e9sori\u00e8re Adjointe Any Secr\u00e9taire, Entraineur Florian Communal Entraineur Jean Trouillaud Entraineur Didier Roulin &hellip; <a href=\"https:\/\/archersdelamee.org\/wordpress\/index.php\/nous-contacter\/\" class=\"more-link\">Continuer la lecture de <span class=\"screen-reader-text\">Nous contacter<\/span>  <span class=\"meta-nav\">&rarr;<\/span><\/a><\/p>\n","protected":false},"author":2,"featured_media":0,"parent":0,"menu_order":0,"comment_status":"closed","ping_status":"closed","template":"","meta":{"ngg_post_thumbnail":0,"footnotes":""},"class_list":["post-2534","page","type-page","status-publish","hentry"],"jetpack_sharing_enabled":true,"_links":{"self":[{"href":"https:\/\/archersdelamee.org\/wordpress\/index.php\/wp-json\/wp\/v2\/pages\/2534","targetHints":{"allow":["GET"]}}],"collection":[{"href":"https:\/\/archersdelamee.org\/wordpress\/index.php\/wp-json\/wp\/v2\/pages"}],"about":[{"href":"https:\/\/archersdelamee.org\/wordpress\/index.php\/wp-json\/wp\/v2\/types\/page"}],"author":[{"embeddable":true,"href":"https:\/\/archersdelamee.org\/wordpress\/index.php\/wp-json\/wp\/v2\/users\/2"}],"replies":[{"embeddable":true,"href":"https:\/\/archersdelamee.org\/wordpress\/index.php\/wp-json\/wp\/v2\/comments?post=2534"}],"version-history":[{"count":19,"href":"https:\/\/archersdelamee.org\/wordpress\/index.php\/wp-json\/wp\/v2\/pages\/2534\/revisions"}],"predecessor-version":[{"id":13354,"href":"https:\/\/archersdelamee.org\/wordpress\/index.php\/wp-json\/wp\/v2\/pages\/2534\/revisions\/13354"}],"wp:attachment":[{"href":"https:\/\/archersdelamee.org\/wordpress\/index.php\/wp-json\/wp\/v2\/media?parent=2534"}],"curies":[{"name":"wp","href":"https:\/\/api.w.org\/{rel}","templated":true}]}}