{"id":2551,"date":"2016-05-21T20:59:33","date_gmt":"2016-05-21T19:59:33","guid":{"rendered":"http:\/\/archersdelamee.org\/wordpress\/?page_id=2551"},"modified":"2016-05-21T21:01:15","modified_gmt":"2016-05-21T20:01:15","slug":"sebastien-crusson","status":"publish","type":"page","link":"https:\/\/archersdelamee.org\/wordpress\/index.php\/nous-contacter\/sebastien-crusson\/","title":{"rendered":"S\u00e9bastien Crusson"},"content":{"rendered":"<p><strong>Tr\u00e9sorier, Webmaster, Animateur, Parcours 3D<\/strong><br \/>\nS\u00e9bastien Crusson<br \/>\nT\u00e9l : 06 74 97 34 98<br \/>\nMail : scrusson@free.fr<\/p>\n","protected":false},"excerpt":{"rendered":"<p>Tr\u00e9sorier, Webmaster, Animateur, Parcours 3D S\u00e9bastien Crusson T\u00e9l : 06 74 97 34 98 Mail : scrusson@free.fr<\/p>\n","protected":false},"author":2,"featured_media":0,"parent":2534,"menu_order":0,"comment_status":"closed","ping_status":"closed","template":"","meta":{"ngg_post_thumbnail":0,"footnotes":""},"class_list":["post-2551","page","type-page","status-publish","hentry"],"jetpack_sharing_enabled":true,"_links":{"self":[{"href":"https:\/\/archersdelamee.org\/wordpress\/index.php\/wp-json\/wp\/v2\/pages\/2551","targetHints":{"allow":["GET"]}}],"collection":[{"href":"https:\/\/archersdelamee.org\/wordpress\/index.php\/wp-json\/wp\/v2\/pages"}],"about":[{"href":"https:\/\/archersdelamee.org\/wordpress\/index.php\/wp-json\/wp\/v2\/types\/page"}],"author":[{"embeddable":true,"href":"https:\/\/archersdelamee.org\/wordpress\/index.php\/wp-json\/wp\/v2\/users\/2"}],"replies":[{"embeddable":true,"href":"https:\/\/archersdelamee.org\/wordpress\/index.php\/wp-json\/wp\/v2\/comments?post=2551"}],"version-history":[{"count":1,"href":"https:\/\/archersdelamee.org\/wordpress\/index.php\/wp-json\/wp\/v2\/pages\/2551\/revisions"}],"predecessor-version":[{"id":2552,"href":"https:\/\/archersdelamee.org\/wordpress\/index.php\/wp-json\/wp\/v2\/pages\/2551\/revisions\/2552"}],"up":[{"embeddable":true,"href":"https:\/\/archersdelamee.org\/wordpress\/index.php\/wp-json\/wp\/v2\/pages\/2534"}],"wp:attachment":[{"href":"https:\/\/archersdelamee.org\/wordpress\/index.php\/wp-json\/wp\/v2\/media?parent=2551"}],"curies":[{"name":"wp","href":"https:\/\/api.w.org\/{rel}","templated":true}]}}