{"id":3353,"date":"2017-09-03T21:46:03","date_gmt":"2017-09-03T20:46:03","guid":{"rendered":"http:\/\/archersdelamee.org\/wordpress\/?page_id=3353"},"modified":"2017-10-06T19:32:31","modified_gmt":"2017-10-06T18:32:31","slug":"charte-des-archers-et-des-parents","status":"publish","type":"page","link":"https:\/\/archersdelamee.org\/wordpress\/index.php\/charte-des-archers-et-des-parents\/","title":{"rendered":"Charte des archers et des parents"},"content":{"rendered":"<p style=\"padding-left: 30px;\"><strong>Etre archers et parents d&#8217;archers c&#8217;est &#8230;<\/strong><\/p>\n<table style=\"width: 460px;\" border=\"4\" cellpadding=\"4\">\n<tbody>\n<tr>\n<td style=\"background-color: #cd853f; text-align: right; vertical-align: middle; width: 153px;\"><span style=\"color: #ffffff;\"><strong>PARTICIPER<\/strong><\/span><\/td>\n<td style=\"width: 281px;\">\n<ul style=\"list-style-type: disc;\">\n<li>Etre pr\u00e9sent aux rencontres de son enfant.<\/li>\n<li>Participer aux animations qui d\u00e9veloppent l&#8217;esprit convivial du club.<\/li>\n<li>Participer au transport des enfants.<\/li>\n<li>Participer lors des journ\u00e9es d&#8217;entretien du club.<\/li>\n<li>Participer lors des organisations de concours.<\/li>\n<li>Mettre ses comp\u00e9tences au service du club.<\/li>\n<\/ul>\n<\/td>\n<\/tr>\n<tr>\n<td style=\"text-align: right; vertical-align: middle; width: 153px;\"><strong>SOURIRE<\/strong><\/td>\n<td style=\"width: 281px;\">\n<ul style=\"list-style-type: disc;\">\n<li>Parce que le tir \u00e0 l&#8217;arc est un sport mais aussi un jeu.<\/li>\n<\/ul>\n<\/td>\n<\/tr>\n<tr>\n<td style=\"background-color: #000000; vertical-align: middle; width: 153px; text-align: right;\"><span style=\"color: #ffffff;\"><strong>ETRE FAIR PLAY<\/strong><\/span><\/td>\n<td style=\"width: 281px;\">\n<ul style=\"list-style-type: disc;\">\n<li>Se conformer aux r\u00e8gles du tir \u00e0 l&#8217;arc.<\/li>\n<li>Respecter les d\u00e9cisions de l&#8217;arbitre.<\/li>\n<li>Refuser toute forme de violence et de tricherie.<\/li>\n<li>Avoir un comportement exemplaire en toutes situations.<\/li>\n<\/ul>\n<\/td>\n<\/tr>\n<tr>\n<td style=\"width: 153px; background-color: #0000ff; text-align: right; vertical-align: middle;\"><span style=\"color: #ffffff;\"><strong>TROUVER SA PLACE<\/strong><\/span><\/td>\n<td style=\"width: 281px;\">\n<ul style=\"list-style-type: disc;\">\n<li>Trouver sa place au sein du collectif.<\/li>\n<li>Chacun un r\u00f4le.<\/li>\n<li>Un r\u00f4le pour chacun.<\/li>\n<\/ul>\n<\/td>\n<\/tr>\n<tr>\n<td style=\"width: 153px; background-color: #ff0000; text-align: right; vertical-align: middle;\"><strong>&nbsp;<span style=\"color: #ffffff;\">NE PAS OUBLIER<\/span><\/strong><\/td>\n<td style=\"width: 281px;\">\n<ul style=\"list-style-type: disc;\">\n<li>&nbsp;Que les dirigeants sont b\u00e9n\u00e9voles et donnent gratuitement de leur temps et leurs comp\u00e9tences \u00e0 la vie du club.<\/li>\n<li>Que les Archers et les entra\u00eeneurs ont le droit \u00e0 l&#8217;erreur ainsi que les arbitres.<\/li>\n<li>Que les parents spectateurs doivent avoir un comportement exemplaire et ne pas intervenir lors des comp\u00e9titions.<\/li>\n<li>Que les parents doivent rester \u00e0 leur place dans les tribunes lors des comp\u00e9titions.<\/li>\n<\/ul>\n<\/td>\n<\/tr>\n<tr>\n<td style=\"width: 153px; background-color: #ffff00; text-align: right; vertical-align: middle;\">&nbsp;<span style=\"color: #000000;\"><strong>RESPECTER<\/strong><\/span><\/td>\n<td style=\"width: 281px;\">\n<ul style=\"list-style-type: disc;\">\n<li>&nbsp;Respecter les r\u00e8gles de vie du club.<\/li>\n<li>Pr\u00e9venir l&#8217;entra\u00eeneur en cas d&#8217;absence \u00e0 l&#8217;entra\u00eenement ou lors d&#8217;une comp\u00e9tition.<\/li>\n<li>Respecter les horaires de d\u00e9but et de fin d&#8217;entra\u00eenement.<\/li>\n<li>Respecter l&#8217;entra\u00eeneur pour son travail et ses choix techniques.<\/li>\n<li>Respecter les d\u00e9cisions du Conseil d&#8217;Administration.<\/li>\n<li>Laisser l&#8217;enfant \u00e0 son entra\u00eeneur et ne pas intervenir pendant l&#8217;entra\u00eenement ou la comp\u00e9tition.<\/li>\n<li>Accompagner son enfant jusque dans la salle et venir le chercher.<\/li>\n<\/ul>\n<\/td>\n<\/tr>\n<\/tbody>\n<\/table>\n","protected":false},"excerpt":{"rendered":"<p>Etre archers et parents d&#8217;archers c&#8217;est &#8230; PARTICIPER Etre pr\u00e9sent aux rencontres de son enfant. Participer aux animations qui d\u00e9veloppent l&#8217;esprit convivial du club. Participer au transport des enfants. Participer &hellip; <a href=\"https:\/\/archersdelamee.org\/wordpress\/index.php\/charte-des-archers-et-des-parents\/\" class=\"more-link\">Continuer la lecture de <span class=\"screen-reader-text\">Charte des archers et des parents<\/span>  <span class=\"meta-nav\">&rarr;<\/span><\/a><\/p>\n","protected":false},"author":2,"featured_media":0,"parent":0,"menu_order":0,"comment_status":"closed","ping_status":"closed","template":"","meta":{"ngg_post_thumbnail":0,"footnotes":""},"class_list":["post-3353","page","type-page","status-publish","hentry"],"jetpack_sharing_enabled":true,"_links":{"self":[{"href":"https:\/\/archersdelamee.org\/wordpress\/index.php\/wp-json\/wp\/v2\/pages\/3353","targetHints":{"allow":["GET"]}}],"collection":[{"href":"https:\/\/archersdelamee.org\/wordpress\/index.php\/wp-json\/wp\/v2\/pages"}],"about":[{"href":"https:\/\/archersdelamee.org\/wordpress\/index.php\/wp-json\/wp\/v2\/types\/page"}],"author":[{"embeddable":true,"href":"https:\/\/archersdelamee.org\/wordpress\/index.php\/wp-json\/wp\/v2\/users\/2"}],"replies":[{"embeddable":true,"href":"https:\/\/archersdelamee.org\/wordpress\/index.php\/wp-json\/wp\/v2\/comments?post=3353"}],"version-history":[{"count":4,"href":"https:\/\/archersdelamee.org\/wordpress\/index.php\/wp-json\/wp\/v2\/pages\/3353\/revisions"}],"predecessor-version":[{"id":3430,"href":"https:\/\/archersdelamee.org\/wordpress\/index.php\/wp-json\/wp\/v2\/pages\/3353\/revisions\/3430"}],"wp:attachment":[{"href":"https:\/\/archersdelamee.org\/wordpress\/index.php\/wp-json\/wp\/v2\/media?parent=3353"}],"curies":[{"name":"wp","href":"https:\/\/api.w.org\/{rel}","templated":true}]}}